{"id":72623,"date":"2026-03-10T16:54:57","date_gmt":"2026-03-10T16:54:57","guid":{"rendered":"https:\/\/huntzone.eu\/product\/guide-outdoor-te211-monocular\/"},"modified":"2026-03-22T10:02:18","modified_gmt":"2026-03-22T10:02:18","slug":"guide-outdoor-te211-monocular","status":"publish","type":"product","link":"https:\/\/huntzone.eu\/en\/product\/guide-outdoor-te211-monocular\/","title":{"rendered":"Guide Outdoor TE211 monocular"},"content":{"rendered":"&#13;\n<figure class=\"wp-block-image\"><img decoding=\"async\" class=\"wp-image-10358\" src=\"https:\/\/opticspot.lt\/wp-content\/uploads\/2024\/11\/TExiaoshougongjuxiangqingyezhuanti1920850-1024x453.jpg\" alt=\"Texiaoshougongjuxiangqingyezhuanti1920850\"\/><\/figure>&#13;\n&#13;\n<p><strong>\u0112rts displejs skaidram un vienm\u0113r\u012bgam att\u0113lam.<\/strong><\/p>&#13;\n&#13;\n<figure class=\"wp-block-image\"><img decoding=\"async\" class=\"wp-image-10357\" src=\"https:\/\/opticspot.lt\/wp-content\/uploads\/2024\/11\/guanwangchanpinxiangqingyemaidiantu512X42901-944.jpg\" alt=\"Guanwangchanpinxiangqingyemaidiantu512x42901 944\"\/><\/figure>&#13;\n&#13;\n<p><strong>256\u00d7192@12\u03bcm term\u0101lais sensors<\/strong><\/p>&#13;\n&#13;\n<figure class=\"wp-block-image\"><img decoding=\"async\" class=\"wp-image-10359\" src=\"https:\/\/opticspot.lt\/wp-content\/uploads\/2024\/11\/guanwangchanpinxiangqingyemaidiantu512X429021-808.jpg\" alt=\"Guanwangchanpinxiangqingyemaidiantu512x429021 808\"\/><\/figure>&#13;\n&#13;\n<p><strong>\u012apa\u0161i viegls: tikai 200+ grami, viegli p\u0101rn\u0113s\u0101jams.<\/strong><\/p>&#13;\n&#13;\n<figure class=\"wp-block-image\"><img decoding=\"async\" class=\"wp-image-10360\" src=\"https:\/\/opticspot.lt\/wp-content\/uploads\/2024\/11\/guanwangchanpinxiangqingyemaidiantu512X42903-114.jpg\" alt=\"Guanwangchanpinxiangqingyemaidiantu512x42903 114\"\/><\/figure>&#13;\n&#13;\n<p><strong>Vienk\u0101r\u0161a lieto\u0161ana: viena poga, viens gredzens \u0113rtai vad\u012bbai<\/strong>.<\/p>&#13;\n&#13;\n<p><strong>Iztur\u012bgs dizains: IP67 klase nodro\u0161ina iztur\u012bbu visos laikapst\u0101k\u013cos.<\/strong><\/p>&#13;\n&#13;\n<figure class=\"wp-block-image\"><img decoding=\"async\" class=\"wp-image-10361\" src=\"https:\/\/opticspot.lt\/wp-content\/uploads\/2024\/11\/guanwangchanpinxiangqingyemaidiantu512X42904-829.jpg\" alt=\"Guanwangchanpinxiangqingyemaidiantu512x42904 829\"\/><\/figure>&#13;\n&#13;\n<p><strong>Pagarin\u0101ts baterijas darb\u012bbas laiks: l\u012bdz 6 stund\u0101m, 20W \u0101tr\u0101 uzl\u0101de ilgsto\u0161ai darb\u012bbai.<\/strong><\/p>&#13;\n&#13;\n<figure class=\"wp-block-image\"><img decoding=\"async\" class=\"wp-image-10362\" src=\"https:\/\/opticspot.lt\/wp-content\/uploads\/2024\/11\/guanwangchanpinxiangqingyemaidiantu512X42905-541.jpg\" alt=\"Guanwangchanpinxiangqingyemaidiantu512x42905 541\"\/><\/figure>&#13;\n&#13;\n<p><strong>\u0112rta skat\u012b\u0161an\u0101s: 0,32 collu ekr\u0101ns skaidram un vienm\u0113r\u012bgam att\u0113lam.<\/strong><\/p>&#13;\n&#13;\n<p><strong>Vied\u0101 savienojam\u012bba: vad\u012bba caur mobilo lietotni, OTA programmat\u016bras atjaunin\u0101jumi.<\/strong><\/p>&#13;\n&#13;\n<h2 class=\"wp-block-heading\"><strong>Specifik\u0101cija<\/strong><\/h2>&#13;\n&#13;\n<p><br\/><br\/>Sensora iz\u0161\u0137irtsp\u0113ja: 256\u00d7192@12\u03bcm<br\/>Term\u0101l\u0101 jut\u012bba &#8211; NETD 30mK<br\/>Kadru \u0101trums: 50 Hz<br\/>Objekt\u012bvs &#8211; 10mm, F1.0<br\/>Redzes lauks \u2013 17,5\u00b0\u00d713,1\u00b0<br\/>FOV m@100m \u2013 31\u00d723<br\/>Palielin\u0101jums &#8211; 1,2x~4,8x<br\/>Atkl\u0101\u0161anas distance 500m<br\/>Fokuss &#8211; nav fokus\u0113\u0161anas<br\/>Ekr\u0101na tips \u2013 0,32 collu AMOLED 800\u00d7600<br\/>Kr\u0101su paletes: white hot, black hot, red hot, green hot, iron red, blue hot, sepia<br\/>Okul\u0101rs: acs att\u0101lums 25 mm; dioptrija: -5 l\u012bdz +5; palielin\u0101jums: 14x<br\/>WIFI 2.4G, 5G<br\/>Saskarne USB Type-C, atbalsta uzl\u0101di<br\/>Cits: mikrofons, Bluetooth<br\/>Ierakst\u012b\u0161anas funkcija: foto \/ video (ar audio ierakstu)<br\/>Atmi\u0146as ietilp\u012bba &#8211; 16GB<br\/>Baterijas tips &#8211; ieb\u016bv\u0113ta baterija<br\/>Darb\u012bbas laiks 6 stundas (atbalsta 20W \u0101tro uzl\u0101di)<br\/>Darba temperat\u016bra -20\u00b0C l\u012bdz 50\u00b0C \/ -4\u00b0F l\u012bdz +122\u00b0F<br\/>Aizsardz\u012bba &#8211; IP67<br\/>Svars (g) \u2013 248<br\/>Izm\u0113rs (mm) 47 \u00d7 47 \u00d7 132<\/p>&#13;\n","protected":false},"excerpt":{"rendered":"<p>The GUIDE TE211 TE Series Handheld Thermal Imaging Monocular is a pocket night vision powerhouse with exceptional performance at an affordable price. It has a highly sensitive infrared sensor to meet your various needs in various environments. A 10-minute quick charge gives you an hour of continuous use, making it the perfect companion for your outdoor explorations.<\/p>\n","protected":false},"featured_media":72009,"comment_status":"open","ping_status":"closed","template":"","meta":[],"product_brand":[786,789,790],"product_cat":[539],"product_tag":[],"class_list":{"0":"post-72623","1":"product","2":"type-product","3":"status-publish","4":"has-post-thumbnail","6":"product_brand-guide","7":"product_brand-monoculars","8":"product_brand-te","9":"product_cat-termalie-monokli-2","11":"first","12":"instock","13":"sale","14":"shipping-taxable","15":"purchasable","16":"product-type-simple"},"_links":{"self":[{"href":"https:\/\/huntzone.eu\/en\/wp-json\/wp\/v2\/product\/72623","targetHints":{"allow":["GET"]}}],"collection":[{"href":"https:\/\/huntzone.eu\/en\/wp-json\/wp\/v2\/product"}],"about":[{"href":"https:\/\/huntzone.eu\/en\/wp-json\/wp\/v2\/types\/product"}],"replies":[{"embeddable":true,"href":"https:\/\/huntzone.eu\/en\/wp-json\/wp\/v2\/comments?post=72623"}],"wp:featuredmedia":[{"embeddable":true,"href":"https:\/\/huntzone.eu\/en\/wp-json\/wp\/v2\/media\/72009"}],"wp:attachment":[{"href":"https:\/\/huntzone.eu\/en\/wp-json\/wp\/v2\/media?parent=72623"}],"wp:term":[{"taxonomy":"product_brand","embeddable":true,"href":"https:\/\/huntzone.eu\/en\/wp-json\/wp\/v2\/product_brand?post=72623"},{"taxonomy":"product_cat","embeddable":true,"href":"https:\/\/huntzone.eu\/en\/wp-json\/wp\/v2\/product_cat?post=72623"},{"taxonomy":"product_tag","embeddable":true,"href":"https:\/\/huntzone.eu\/en\/wp-json\/wp\/v2\/product_tag?post=72623"}],"curies":[{"name":"wp","href":"https:\/\/api.w.org\/{rel}","templated":true}]}}