{"id":72624,"date":"2026-03-10T16:54:57","date_gmt":"2026-03-10T16:54:57","guid":{"rendered":"https:\/\/huntzone.eu\/product\/guide-outdoor-te211m-mini-monocular\/"},"modified":"2026-03-22T09:52:22","modified_gmt":"2026-03-22T09:52:22","slug":"guide-outdoor-te211m-mini-monocular","status":"publish","type":"product","link":"https:\/\/huntzone.eu\/en\/product\/guide-outdoor-te211m-mini-monocular\/","title":{"rendered":"Guide Outdoor TE211M MINI monocular"},"content":{"rendered":"&#13;\n<h2 class=\"wp-block-heading\"><strong>Guide TE211M Mini \u2013 lieliska izv\u0113le dabas un putnu v\u0113ro\u0161anai<\/strong><\/h2>&#13;\n&#13;\n<p>TE211M MINI term\u0101lais att\u0113lot\u0101js \u013cauj saskat\u012bt dz\u012bvniekus pat tums\u0101, caur miglu vai bl\u012bvu ve\u0123et\u0101ciju. Ar TE211M Mini j\u016bs varat viegli paman\u012bt putnus koku galotn\u0113s, kr\u016bmos vai ligzdojo\u0161us z\u0101l\u0113, pat ja tie ir perfekti mask\u0113ju\u0161ies. Kompakts, viegls un \u0113rts \u2013 vienm\u0113r pa rokai nov\u0113rojumiem dab\u0101!<\/p>&#13;\n&#13;\n<figure class=\"wp-block-image\"><img decoding=\"async\" src=\"https:\/\/opticspot.lt\/wp-content\/uploads\/2025\/02\/TEMinixiaoshougongju_xiangqingyezhuanti-1920850-1024x453.jpg\" alt=\"Teminixiaoshougongju Xiangqingyezhuanti 1920850\" class=\"wp-image-12097\"\/><\/figure>&#13;\n&#13;\n<h2 class=\"wp-block-heading\"><strong>Jaud\u012bgs 12 \u03bcm term\u0101lais sensors<\/strong><\/h2>&#13;\n&#13;\n<p>TE21M MINI ir apr\u012bkots ar 12 \u03bcm term\u0101lo sensoru, kas nodro\u0161ina \u012bpa\u0161i augstu att\u0113la kvalit\u0101ti, \u013caujot skaidri at\u0161\u0137irt objektus no apk\u0101rt\u0113j\u0101s vides pat piln\u012bg\u0101 tums\u0101.<\/p>&#13;\n&#13;\n<figure class=\"wp-block-image\"><img decoding=\"async\" src=\"https:\/\/opticspot.lt\/wp-content\/uploads\/2024\/11\/guanwangchanpinxiangqingyemaidiantu512X42901-944.jpg\" alt=\"Guanwangchanpinxiangqingyemaidiantu512x42901 944\" class=\"wp-image-10357\"\/><\/figure>&#13;\n&#13;\n<h2 class=\"wp-block-heading\">\u012apa\u0161i viegls<\/h2>&#13;\n&#13;\n<p>\u012apa\u0161i viegls un portat\u012bvs \u2013 TE Mini monoklis sver tikai 200 gramus. T\u0101 ergonomisk\u0101 forma nodro\u0161ina \u0113rtu tur\u0113\u0161anu un izcilu komfortu.<\/p>&#13;\n&#13;\n<figure class=\"wp-block-image\"><img decoding=\"async\" src=\"https:\/\/opticspot.lt\/wp-content\/uploads\/2025\/02\/guanwangchanpinxiangqingyemaidiantu512X429-02.jpg\" alt=\"Guanwangchanpinxiangqingyemaidiantu512x429 02\" class=\"wp-image-12091\"\/><\/figure>&#13;\n&#13;\n<h2 class=\"wp-block-heading\"><strong>Liels sk\u0101rienekr\u0101ns<\/strong><\/h2>&#13;\n&#13;\n<p>TE Mini monoklis ir apr\u012bkots ar lielu sk\u0101rienekr\u0101nu, kas nodro\u0161ina krist\u0101ldzidru att\u0113lu un \u0113rtu lieto\u0161anu. Lietot\u0101ji var viegli p\u0101rvietoties pa izv\u0113ln\u0113m un izv\u0113l\u0113ties funkcijas ar vienk\u0101r\u0161iem piesk\u0101rieniem, nodro\u0161inot v\u0113l vienm\u0113r\u012bg\u0101ku lieto\u0161anas pieredzi.<\/p>&#13;\n&#13;\n<figure class=\"wp-block-image\"><img decoding=\"async\" src=\"https:\/\/opticspot.lt\/wp-content\/uploads\/2025\/02\/guanwangchanpinxiangqingyemaidiantu512X429-03.jpg\" alt=\"Guanwangchanpinxiangqingyemaidiantu512x429 03\" class=\"wp-image-12092\"\/><\/figure>&#13;\n&#13;\n<h2 class=\"wp-block-heading\"><strong>Vienk\u0101r\u0161a vad\u012bba<\/strong><\/h2>&#13;\n&#13;\n<p>Ar tikai vienu pogu un vienu vad\u012bbas gredzenu TE Mini ir \u0101rk\u0101rt\u012bgi vienk\u0101r\u0161i lietojams. Piek\u013c\u016bstiet izv\u0113ln\u0113m un funkcij\u0101m \u0101tri un \u0113rti \u2013 bez sare\u017e\u0123\u012btiem iestat\u012bjumiem!<\/p>&#13;\n&#13;\n<figure class=\"wp-block-image\"><img decoding=\"async\" src=\"https:\/\/opticspot.lt\/wp-content\/uploads\/2025\/02\/guanwangchanpinxiangqingyemaidiantu512X429-04.jpg\" alt=\"Guanwangchanpinxiangqingyemaidiantu512x429 04\" class=\"wp-image-12093\"\/><\/figure>&#13;\n&#13;\n<h2 class=\"wp-block-heading\"><strong>Ilgs darb\u012bbas laiks un \u0101tr\u0101 uzl\u0101de!<\/strong><\/h2>&#13;\n&#13;\n<p>TE Mini monoklis darbojas l\u012bdz 6 stund\u0101m, un ar 20W \u0101tro uzl\u0101di tas var nodro\u0161in\u0101t 10 stundu darb\u012bbu tikai 1 min\u016btes uzl\u0101des laik\u0101. Vairs nek\u0101du rai\u017eu par izl\u0101d\u0113tu bateriju!<\/p>&#13;\n&#13;\n<figure class=\"wp-block-image\"><img decoding=\"async\" src=\"https:\/\/opticspot.lt\/wp-content\/uploads\/2025\/02\/guanwangchanpinxiangqingyemaidiantu512X429-05.jpg\" alt=\"Guanwangchanpinxiangqingyemaidiantu512x429 05\" class=\"wp-image-12094\"\/><\/figure>&#13;\n&#13;\n<h2 class=\"wp-block-heading\"><strong>Video ieraksts ar ska\u0146u<\/strong><\/h2>&#13;\n&#13;\n<p>TE Mini \u013cauj ierakst\u012bt video un audio, k\u0101 ar\u012b uz\u0146emt fotoatt\u0113lus. Ar 16GB ieb\u016bv\u0113to atmi\u0146u j\u016bs varat viegli saglab\u0101t un dal\u012bties ar neaizmirstamiem mirk\u013ciem.<\/p>&#13;\n&#13;\n<figure class=\"wp-block-image\"><img decoding=\"async\" src=\"https:\/\/opticspot.lt\/wp-content\/uploads\/2025\/02\/guanwangchanpinxiangqingyemaidiantu512X429-06.jpg\" alt=\"Guanwangchanpinxiangqingyemaidiantu512x429 06\" class=\"wp-image-12095\"\/><\/figure>&#13;\n&#13;\n<h2 class=\"wp-block-heading\"><strong>Stipr\u0101ks savienojums ar divjoslu Wi-Fi!<\/strong><\/h2>&#13;\n&#13;\n<p>Uzlabot\u0101 divjoslu Wi-Fi tehnolo\u0123ija nodro\u0161ina stabil\u0101ku savienojumu, \u0101tr\u0101ku datu p\u0101rraidi un liel\u0101ku darb\u012bbas att\u0101lumu. Atjaunin\u0101jumi tiek lejupiel\u0101d\u0113ti tikai 10 sekund\u0113s, un savienojums saglab\u0101jas stabils pat l\u012bdz 26,5 metru att\u0101lum\u0101!<\/p>&#13;\n&#13;\n<figure class=\"wp-block-image\"><img decoding=\"async\" src=\"https:\/\/opticspot.lt\/wp-content\/uploads\/2025\/02\/guanwangchanpinxiangqingyemaidiantu512X429-07.jpg\" alt=\"Guanwangchanpinxiangqingyemaidiantu512x429 07\" class=\"wp-image-12096\"\/><\/figure>&#13;\n&#13;\n<p><\/p>&#13;\n&#13;\n<h2 class=\"wp-block-heading\"><strong>Specifik\u0101cija<\/strong><\/h2>&#13;\n&#13;\n<p><br\/><br\/>Sensora iz\u0161\u0137irtsp\u0113ja: 256\u00d7192@12\u03bcm<br\/>Term\u0101l\u0101 jut\u012bba &#8211; NETD 30mK<br\/>Kadru \u0101trums: 50 Hz<br\/>Objekt\u012bvs &#8211; 10mm, F1.0<br\/>Redzes lauks \u2013 13.1\u00b0\u00d713.1\u00b0<br\/>FOV m@100m \u2013 23\u00d723<br\/>Palielin\u0101jums &#8211; 1.2x~4.8x<br\/>Atkl\u0101\u0161anas distance 500m<br\/>Fokuss &#8211; nav fokus\u0113\u0161anas<br\/>Ekr\u0101na tips &#8211; sk\u0101rienekr\u0101ns, AMOLED 466\u00d7466<br\/>Kr\u0101su paletes &#8211; white hot, black hot, red hot, green hot, iron red, blue hot, sepia<br\/>WIFI \u2013 2.4G, 5G<br\/>Saskarne USB Type-C, atbalsta uzl\u0101di<br\/>Cits: mikrofons, Bluetooth<br\/>Ierakst\u012b\u0161anas funkcija foto \/ video (ar audio ierakstu)<br\/>Atmi\u0146as ietilp\u012bba &#8211; 16GB<br\/>Baterijas tips &#8211; ieb\u016bv\u0113ta baterija<br\/>Darb\u012bbas laiks 6 stundas (atbalsta 20W \u0101tro uzl\u0101di)<br\/>Darba temperat\u016bra -20\u00b0C l\u012bdz 50\u00b0C \/ -4\u00b0F l\u012bdz +122\u00b0F<br\/>Aizsardz\u012bba &#8211; IP67<br\/>Svars (g) \u2013 200<br\/>Izm\u0113rs (mm) \u2013 49\u00d749\u00d7111<\/p>&#13;\n","protected":false},"excerpt":{"rendered":"<p>UIDE TE211M handheld thermal imaging monocular is a pocket thermal imager with exceptional performance at an affordable price. The TE211M MINI thermal imager allows you to see animals even in the dark, through fog or dense vegetation. With the TE211M Mini you will easily detect birds in treetops, bushes, nesting in the grass, even if they are perfectly camouflaged. Compact, lightweight and convenient &#8211; always at hand for observations in nature!<\/p>\n","protected":false},"featured_media":72017,"comment_status":"open","ping_status":"closed","template":"","meta":[],"product_brand":[786,789,790],"product_cat":[539],"product_tag":[],"class_list":{"0":"post-72624","1":"product","2":"type-product","3":"status-publish","4":"has-post-thumbnail","6":"product_brand-guide","7":"product_brand-monoculars","8":"product_brand-te","9":"product_cat-termalie-monokli-2","11":"first","12":"instock","13":"sale","14":"shipping-taxable","15":"purchasable","16":"product-type-simple"},"_links":{"self":[{"href":"https:\/\/huntzone.eu\/en\/wp-json\/wp\/v2\/product\/72624","targetHints":{"allow":["GET"]}}],"collection":[{"href":"https:\/\/huntzone.eu\/en\/wp-json\/wp\/v2\/product"}],"about":[{"href":"https:\/\/huntzone.eu\/en\/wp-json\/wp\/v2\/types\/product"}],"replies":[{"embeddable":true,"href":"https:\/\/huntzone.eu\/en\/wp-json\/wp\/v2\/comments?post=72624"}],"wp:featuredmedia":[{"embeddable":true,"href":"https:\/\/huntzone.eu\/en\/wp-json\/wp\/v2\/media\/72017"}],"wp:attachment":[{"href":"https:\/\/huntzone.eu\/en\/wp-json\/wp\/v2\/media?parent=72624"}],"wp:term":[{"taxonomy":"product_brand","embeddable":true,"href":"https:\/\/huntzone.eu\/en\/wp-json\/wp\/v2\/product_brand?post=72624"},{"taxonomy":"product_cat","embeddable":true,"href":"https:\/\/huntzone.eu\/en\/wp-json\/wp\/v2\/product_cat?post=72624"},{"taxonomy":"product_tag","embeddable":true,"href":"https:\/\/huntzone.eu\/en\/wp-json\/wp\/v2\/product_tag?post=72624"}],"curies":[{"name":"wp","href":"https:\/\/api.w.org\/{rel}","templated":true}]}}