{"id":72625,"date":"2026-03-10T16:54:57","date_gmt":"2026-03-10T16:54:57","guid":{"rendered":"https:\/\/huntzone.eu\/product\/guide-outdoor-te421-monocular\/"},"modified":"2026-03-22T09:49:42","modified_gmt":"2026-03-22T09:49:42","slug":"guide-outdoor-te421-monocular","status":"publish","type":"product","link":"https:\/\/huntzone.eu\/en\/product\/guide-outdoor-te421-monocular\/","title":{"rendered":"Guide Outdoor TE421 monocular"},"content":{"rendered":"<p>&#8220;`html<\/p>\n&#13;\n<figure class=\"wp-block-image\"><img decoding=\"async\" class=\"wp-image-10358\" src=\"https:\/\/opticspot.lt\/wp-content\/uploads\/2024\/11\/TExiaoshougongjuxiangqingyezhuanti1920850-1024x453.jpg\" alt=\"Texiaoshougongjuxiangqingyezhuanti1920850\"\/><\/figure>&#13;\n&#13;\n<p><strong>\u0112rts displejs skaidram un vienm\u0113r\u012bgam att\u0113lam.<\/strong><\/p>&#13;\n&#13;\n<figure class=\"wp-block-image\"><img decoding=\"async\" class=\"wp-image-10357\" src=\"https:\/\/opticspot.lt\/wp-content\/uploads\/2024\/11\/guanwangchanpinxiangqingyemaidiantu512X42901-944.jpg\" alt=\"Guanwangchanpinxiangqingyemaidiantu512x42901 944\"\/><\/figure>&#13;\n&#13;\n<p><strong>400\u00d7300@12\u03bcm term\u0101lais sensors<\/strong><\/p>&#13;\n&#13;\n<figure class=\"wp-block-image\"><img decoding=\"async\" class=\"wp-image-10359\" src=\"https:\/\/opticspot.lt\/wp-content\/uploads\/2024\/11\/guanwangchanpinxiangqingyemaidiantu512X429021-808.jpg\" alt=\"Guanwangchanpinxiangqingyemaidiantu512x429021 808\"\/><\/figure>&#13;\n&#13;\n<p><strong>\u012apa\u0161i viegls: tikai 200+ grami, viegli p\u0101rn\u0113s\u0101jams.<\/strong><\/p>&#13;\n&#13;\n<figure class=\"wp-block-image\"><img decoding=\"async\" class=\"wp-image-10360\" src=\"https:\/\/opticspot.lt\/wp-content\/uploads\/2024\/11\/guanwangchanpinxiangqingyemaidiantu512X42903-114.jpg\" alt=\"Guanwangchanpinxiangqingyemaidiantu512x42903 114\"\/><\/figure>&#13;\n&#13;\n<p><strong>Vienk\u0101r\u0161a lieto\u0161ana: viena poga, viens gredzens \u0113rtai vad\u012bbai<\/strong>.<\/p>&#13;\n&#13;\n<p><strong>Iztur\u012bgs dizains: IP67 klase nodro\u0161ina iztur\u012bbu visos laikapst\u0101k\u013cos.<\/strong><\/p>&#13;\n&#13;\n<figure class=\"wp-block-image\"><img decoding=\"async\" class=\"wp-image-10361\" src=\"https:\/\/opticspot.lt\/wp-content\/uploads\/2024\/11\/guanwangchanpinxiangqingyemaidiantu512X42904-829.jpg\" alt=\"Guanwangchanpinxiangqingyemaidiantu512x42904 829\"\/><\/figure>&#13;\n&#13;\n<p><strong>Pagarin\u0101ts baterijas darb\u012bbas laiks: l\u012bdz 6 stund\u0101m, 20W \u0101tr\u0101 uzl\u0101de ilgsto\u0161ai darb\u012bbai.<\/strong><\/p>&#13;\n&#13;\n<figure class=\"wp-block-image\"><img decoding=\"async\" class=\"wp-image-10362\" src=\"https:\/\/opticspot.lt\/wp-content\/uploads\/2024\/11\/guanwangchanpinxiangqingyemaidiantu512X42905-541.jpg\" alt=\"Guanwangchanpinxiangqingyemaidiantu512x42905 541\"\/><\/figure>&#13;\n&#13;\n<p><strong>\u0112rta skat\u012b\u0161an\u0101s: 0,32 collu ekr\u0101ns skaidram un vienm\u0113r\u012bgam att\u0113lam.<\/strong><\/p>&#13;\n&#13;\n<p><strong>Vied\u0101 savienojam\u012bba: vad\u012bba caur mobilo lietotni, OTA programmat\u016bras atjaunin\u0101jumi.<\/strong><\/p>&#13;\n&#13;\n<h2 class=\"wp-block-heading\"><strong>Specifik\u0101cija<\/strong><\/h2>&#13;\n&#13;\n<p><br\/><br\/>Sensora iz\u0161\u0137irtsp\u0113ja: 400\u00d7300@12\u03bcm<br\/>Term\u0101l\u0101 jut\u012bba &#8211; NETD &#8211; 25mK<br\/>Kadru \u0101trums: 50 Hz<br\/>Objekt\u012bvs &#8211; 25mm, F1.0<br\/>Redzes lauks \u2013 11\u00b0\u00d78,2\u00b0<br\/>FOV &#8211; m@100m 19\u00d714<br\/>Palielin\u0101jums &#8211; 1,9x~7,6x<br\/>Atkl\u0101\u0161anas distance &#8211; 1300m<br\/>Ekr\u0101na tips \u2013 0,32 collu AMOLED 800\u00d7600<br\/>Kr\u0101su paletes: white hot, black hot, red hot, green hot, iron red, blue hot, sepia<br\/>Acs att\u0101lums: 25 mm; Dioptrija: -5 l\u012bdz +5; Palielin\u0101jums: 14x<br\/>WIFI 2.4G, 5G<br\/>Saskarne USB Type-C, atbalsta uzl\u0101di<br\/>Cits: mikrofons, Bluetooth<br\/>Ierakst\u012b\u0161anas funkcija &#8211; foto \/ video (ar audio ierakstu)<br\/>Atmi\u0146as ietilp\u012bba &#8211; 16GB<br\/>Baterijas tips &#8211; ieb\u016bv\u0113ta baterija<br\/>Darb\u012bbas laiks &#8211; 5 stundas (atbalsta 20W \u0101tro uzl\u0101di)<br\/>Darba temperat\u016bra -20\u00b0C l\u012bdz 50\u00b0C \/ -4\u00b0F l\u012bdz +122\u00b0F<br\/>Aizsardz\u012bba IP67<br\/>Svars (g) 295<br\/>Izm\u0113rs (mm) 47 \u00d7 47 \u00d7 155<\/p>&#13;\n<p>&#8220;`<\/p>\n","protected":false},"excerpt":{"rendered":"<p>The GUIDE TE421 handheld thermal imaging monocular is a compact, ultra-lightweight night vision device perfect for adventure seekers and professionals. Weighing just 295g, it&#8217;s designed to be easy to carry without sacrificing practicality. It uses a high-sensitivity 400\u00d7300@12\u03bcm infrared sensor, providing clear thermal imaging even in challenging conditions. A quick 10-minute charge provides up to an hour of continuous use, ready for any outdoor exploration. Whether you&#8217;re covering large areas or conducting night surveys, the TE421 offers unbeatable value, combining reliability, accuracy and ease of use.<\/p>\n","protected":false},"featured_media":72025,"comment_status":"open","ping_status":"closed","template":"","meta":[],"product_brand":[786,789,790],"product_cat":[539],"product_tag":[],"class_list":{"0":"post-72625","1":"product","2":"type-product","3":"status-publish","4":"has-post-thumbnail","6":"product_brand-guide","7":"product_brand-monoculars","8":"product_brand-te","9":"product_cat-termalie-monokli-2","11":"first","12":"instock","13":"sale","14":"shipping-taxable","15":"purchasable","16":"product-type-simple"},"_links":{"self":[{"href":"https:\/\/huntzone.eu\/en\/wp-json\/wp\/v2\/product\/72625","targetHints":{"allow":["GET"]}}],"collection":[{"href":"https:\/\/huntzone.eu\/en\/wp-json\/wp\/v2\/product"}],"about":[{"href":"https:\/\/huntzone.eu\/en\/wp-json\/wp\/v2\/types\/product"}],"replies":[{"embeddable":true,"href":"https:\/\/huntzone.eu\/en\/wp-json\/wp\/v2\/comments?post=72625"}],"wp:featuredmedia":[{"embeddable":true,"href":"https:\/\/huntzone.eu\/en\/wp-json\/wp\/v2\/media\/72025"}],"wp:attachment":[{"href":"https:\/\/huntzone.eu\/en\/wp-json\/wp\/v2\/media?parent=72625"}],"wp:term":[{"taxonomy":"product_brand","embeddable":true,"href":"https:\/\/huntzone.eu\/en\/wp-json\/wp\/v2\/product_brand?post=72625"},{"taxonomy":"product_cat","embeddable":true,"href":"https:\/\/huntzone.eu\/en\/wp-json\/wp\/v2\/product_cat?post=72625"},{"taxonomy":"product_tag","embeddable":true,"href":"https:\/\/huntzone.eu\/en\/wp-json\/wp\/v2\/product_tag?post=72625"}],"curies":[{"name":"wp","href":"https:\/\/api.w.org\/{rel}","templated":true}]}}