{"id":72627,"date":"2026-03-10T16:54:57","date_gmt":"2026-03-10T16:54:57","guid":{"rendered":"https:\/\/huntzone.eu\/product\/guide-td633l-thermal-imaging-monocular-with-rangefinder\/"},"modified":"2026-03-22T09:44:37","modified_gmt":"2026-03-22T09:44:37","slug":"guide-td633l-thermal-imaging-monocular-with-rangefinder","status":"publish","type":"product","link":"https:\/\/huntzone.eu\/en\/product\/guide-td633l-thermal-imaging-monocular-with-rangefinder\/","title":{"rendered":"Guide TD633L thermal imaging monocular with rangefinder"},"content":{"rendered":"&#13;\n<figure class=\"wp-block-image\"><img decoding=\"async\" src=\"https:\/\/opticspot.lt\/wp-content\/uploads\/2025\/07\/TD3xiaoshougongjuxiangqingyezhuanti1920850-1-1024x453.jpg\" alt=\"Td3xiaoshougongjuxiangqingyezhuanti1920850\" class=\"wp-image-17269\"\/><\/figure>&#13;\n&#13;\n<h2 class=\"wp-block-heading\">Augstas jut\u012bbas sensors, NETD l\u012bdz 20 mK<\/h2>&#13;\n&#13;\n<figure class=\"wp-block-image\"><img decoding=\"async\" src=\"https:\/\/opticspot.lt\/wp-content\/uploads\/2025\/07\/guanwangchanpinxiangqingyemaidiantu512X42901-246-1.jpg\" alt=\"Guanwangchanpinxiangqingyemaidiantu512x42901 246\" class=\"wp-image-17270\"\/><\/figure>&#13;\n&#13;\n<p><strong>TD Gen3 LRF s\u0113rija<\/strong>\u00a0ir apr\u012bkota ar 12 \u03bcm infrasarkano sensoru ar 640\u00d7512 un 400\u00d7300 iz\u0161\u0137irtsp\u0113ju, k\u0101 ar\u012b pied\u0101v\u0101 35 mm objekt\u012bvu, kas nodro\u0161ina \u012bpa\u0161i asu att\u0113lu pat piln\u012bg\u0101 tums\u0101.<\/p>&#13;\n&#13;\n<h2 class=\"wp-block-heading\">Abpus\u0113js dizains, lieto\u0161ana ar vienu roku<\/h2>&#13;\n&#13;\n<figure class=\"wp-block-image\"><img decoding=\"async\" src=\"https:\/\/opticspot.lt\/wp-content\/uploads\/2025\/07\/guanwangchanpinxiangqingyemaidiantu512X42902-196.jpg\" alt=\"Guanwangchanpinxiangqingyemaidiantu512x42902 196\" class=\"wp-image-17256\"\/><\/figure>&#13;\n&#13;\n<p>Simetriskais korpusa dizains \u013cauj \u0113rti lietot ier\u012bci gan ar kreiso, gan labo roku. Pogu izvietojums ir ergonomiski piel\u0101gots lietot\u0101ja paradumiem, t\u0101p\u0113c ier\u012bci var darbin\u0101t ar vienu roku.<\/p>&#13;\n&#13;\n<h2 class=\"wp-block-heading\">Prec\u012bza fokus\u0113\u0161ana \u2013 regul\u0113\u0161ana, ar pirkstiem b\u012bdot riten\u012bti.<\/h2>&#13;\n&#13;\n<figure class=\"wp-block-image\"><img decoding=\"async\" src=\"https:\/\/opticspot.lt\/wp-content\/uploads\/2025\/07\/guanwangchanpinxiangqingyemaidiantu512X42903-34.jpg\" alt=\"Guanwangchanpinxiangqingyemaidiantu512x42903 34\" class=\"wp-image-17257\"\/><\/figure>&#13;\n&#13;\n<p>Miniat\u016brais fokus\u0113\u0161anas riten\u012b\u0161a dizains nodro\u0161ina unik\u0101lu \u0101tras un prec\u012bzas regul\u0113\u0161anas pieredzi \u2013 lietot\u0101ji var piel\u0101got fokusu ar vienk\u0101r\u0161u viena pirksta pagriezienu.<\/p>&#13;\n&#13;\n<h2 class=\"wp-block-heading\">Uzlabota att\u0113la kvalit\u0101te \u2013 palielin\u0101ts AMOLED displejs<\/h2>&#13;\n&#13;\n<figure class=\"wp-block-image\"><img decoding=\"async\" src=\"https:\/\/opticspot.lt\/wp-content\/uploads\/2025\/07\/guanwangchanpinxiangqingyemaidiantu512X42904-217.jpg\" alt=\"Guanwangchanpinxiangqingyemaidiantu512x42904 217\" class=\"wp-image-17258\"\/><\/figure>&#13;\n&#13;\n<p>Sal\u012bdzinot ar iepriek\u0161\u0113jo paaudzi,\u00a0<strong>TD Gen3 LRF s\u0113rija<\/strong>\u00a0ir apr\u012bkota ar 0,36 collu AMOLED displeju ar 1280\u00d7960 iz\u0161\u0137irtsp\u0113ju, kas nodro\u0161ina as\u0101kas deta\u013cas un \u0113rt\u0101ku skat\u012b\u0161an\u0101s pieredzi.<\/p>&#13;\n&#13;\n<h2 class=\"wp-block-heading\">Integr\u0113ts LRF \u2013 prec\u012bza m\u0113r\u0137a att\u0101luma noteik\u0161ana<\/h2>&#13;\n&#13;\n<figure class=\"wp-block-image\"><img decoding=\"async\" src=\"https:\/\/opticspot.lt\/wp-content\/uploads\/2025\/07\/guanwangchanpinxiangqingyemaidiantu512X42905-313.jpg\" alt=\"Guanwangchanpinxiangqingyemaidiantu512x42905 313\" class=\"wp-image-17259\"\/><\/figure>&#13;\n&#13;\n<p>Integr\u0113tais l\u0101zera t\u0101lm\u0113ra modulis ir neman\u0101mi iek\u013cauts ier\u012bces dizain\u0101, palielinot t\u0101s mobilit\u0101ti un praktiskumu. Maksim\u0101lais m\u0113r\u012b\u0161anas att\u0101lums ir 1000 metri, \u013caujot prec\u012bzi noteikt m\u0113r\u0137a att\u0101lumu.<\/p>&#13;\n&#13;\n<h2 class=\"wp-block-heading\">Pagarin\u0101ts baterijas darb\u012bbas laiks \u2013 nep\u0101rtraukta jauda<\/h2>&#13;\n&#13;\n<figure class=\"wp-block-image\"><img decoding=\"async\" src=\"https:\/\/opticspot.lt\/wp-content\/uploads\/2025\/07\/guanwangchanpinxiangqingyemaidiantu512X42906-591.jpg\" alt=\"Guanwangchanpinxiangqingyemaidiantu512x42906 591\" class=\"wp-image-17260\"\/><\/figure>&#13;\n&#13;\n<p>Nov\u0113ro\u0161anas, izp\u0113tes un izseko\u0161anas laik\u0101 dab\u0101\u00a0<strong>TD Gen3 LRF s\u0113rija<\/strong>\u00a0nodro\u0161ina iespaid\u012bgas 12 stundas darb\u012bbas laika. Nomain\u0101mo 18650 bateriju var ievietot pat tums\u0101, nepiev\u0113r\u0161ot uzman\u012bbu pozit\u012bvajiem un negat\u012bvajiem poliem.<\/p>&#13;\n&#13;\n<h2 class=\"wp-block-heading\">Vied\u0101 ierakst\u012b\u0161ana, palielin\u0101ta ieb\u016bv\u0113t\u0101 atmi\u0146a<\/h2>&#13;\n&#13;\n<figure class=\"wp-block-image\"><img decoding=\"async\" src=\"https:\/\/opticspot.lt\/wp-content\/uploads\/2025\/07\/guanwangchanpinxiangqingyemaidiantu512X42907-522.jpg\" alt=\"Guanwangchanpinxiangqingyemaidiantu512x42907 522\" class=\"wp-image-17261\"\/><\/figure>&#13;\n&#13;\n<p>Uzlabot\u0101 vied\u0101s ierakst\u012b\u0161anas funkcija \u013cauj ierakst\u012bt video ar ska\u0146u. Ieb\u016bv\u0113t\u0101 atmi\u0146a l\u012bdz 32 GB \u013cauj uzglab\u0101t vair\u0101k nek\u0101 100 fotoatt\u0113lus, neuztraucoties par vietas tr\u016bkumu.<\/p>&#13;\n&#13;\n<h3 class=\"wp-block-heading\">Specifik\u0101cija<\/h3>&#13;\n&#13;\n<p>Sensors<\/p>&#13;\n\r\n<ul class=\"wp-block-list\">&#13;\n<li>Tips: Neatdzes\u0113ts VOx infrasarkanais sensors, 8-14 \u03bcm<\/li>&#13;\n\r\n\r\n&#13;\n<li>Iz\u0161\u0137irtsp\u0113ja: 640\u00d7512 @ 12 \u03bcm<\/li>&#13;\n\r\n\r\n&#13;\n<li>NETD: 20 mK<\/li>&#13;\n\r\n\r\n&#13;\n<li>Kadru \u0101trums: 50 Hz<\/li>&#13;\n<\/ul>\r\n&#13;\n<p>Objekt\u012bvs<\/p>&#13;\n\r\n<ul class=\"wp-block-list\">&#13;\n<li>Objekt\u012bvs: 35 mm, F1.0<\/li>&#13;\n\r\n\r\n&#13;\n<li>Redzes lauks: 12,5\u00b0 \u00d7 9,4\u00b0<\/li>&#13;\n\r\n\r\n&#13;\n<li>Redzes lauks 100 m att\u0101lum\u0101: 22 \u00d7 17 m<\/li>&#13;\n\r\n\r\n&#13;\n<li>Palielin\u0101jums: 1,8\u00d7 \u2013 14,4\u00d7<\/li>&#13;\n\r\n\r\n&#13;\n<li>Atkl\u0101\u0161anas att\u0101lums: 1800 m \/ 1950 jardi<\/li>&#13;\n\r\n\r\n&#13;\n<li>Fokus\u0113\u0161ana: Manu\u0101la<\/li>&#13;\n<\/ul>\r\n&#13;\n<p>Ekr\u0101ns<\/p>&#13;\n\r\n<ul class=\"wp-block-list\">&#13;\n<li>Ekr\u0101na tips: 0,36\u2033 AMOLED, 1280\u00d7960 iz\u0161\u0137irtsp\u0113ja<\/li>&#13;\n\r\n\r\n&#13;\n<li>Kr\u0101su paletes: White Hot, Black Hot, Red Hot, Green Hot, Iron Red, Blue Hot, Sepia<\/li>&#13;\n\r\n\r\n&#13;\n<li>Okul\u0101rs: acs att\u0101lums \u2013 20 mm; dioptriju korekcija: no -6 l\u012bdz +6; palielin\u0101jums: 13,8\u00d7<\/li>&#13;\n<\/ul>\r\n&#13;\n<p>Aparat\u016bra<\/p>&#13;\n\r\n<ul class=\"wp-block-list\">&#13;\n<li>L\u0101zera t\u0101lm\u0113rs: 1000 m \/ 1090 jardi<\/li>&#13;\n\r\n\r\n&#13;\n<li>Wi-Fi: 2.4G, 5G<\/li>&#13;\n\r\n\r\n&#13;\n<li>Saskarne: USB-C<\/li>&#13;\n\r\n\r\n&#13;\n<li>Cits: mikrofons, Bluetooth<\/li>&#13;\n<\/ul>\r\n&#13;\n<p>Sist\u0113ma<\/p>&#13;\n\r\n<ul class=\"wp-block-list\">&#13;\n<li>Ierakst\u012b\u0161anas funkcija: foto\/video (ieskaitot audio ierakstu)<\/li>&#13;\n\r\n\r\n&#13;\n<li>Atmi\u0146as ietilp\u012bba: 32 GB<\/li>&#13;\n<\/ul>\r\n&#13;\n<p>Baro\u0161ana<\/p>&#13;\n\r\n<ul class=\"wp-block-list\">&#13;\n<li>Baterijas tips: viena nomain\u0101ma 18650 baterija<\/li>&#13;\n\r\n\r\n&#13;\n<li>Darb\u012bbas laiks: 10 stundas<\/li>&#13;\n<\/ul>\r\n&#13;\n<p>Vides apst\u0101k\u013ci<\/p>&#13;\n\r\n<ul class=\"wp-block-list\">&#13;\n<li>Darba temperat\u016bra: -20\u00b0C l\u012bdz 50\u00b0C (-4\u00b0F l\u012bdz +122\u00b0F)<\/li>&#13;\n\r\n\r\n&#13;\n<li>Aizsardz\u012bba: IP67<\/li>&#13;\n<\/ul>\r\n&#13;\n<p>Fiziskie dati<\/p>&#13;\n\r\n<ul class=\"wp-block-list\">&#13;\n<li>Svars: 376 g (13.26 oz)<\/li>&#13;\n\r\n\r\n&#13;\n<li>Izm\u0113ri: 159 \u00d7 54 \u00d7 74 mm (6.26 \u00d7 2.13 \u00d7 2.91 collas)<\/li>&#13;\n<\/ul>\r\n&#13;\n<p>Standarta komplekt\u0101cija<\/p>&#13;\n\r\n<ul class=\"wp-block-list\">&#13;\n<li>Ier\u012bce, putek\u013cu dr\u0101ni\u0146a, rokas siksna, acu aizsegs, baterijas l\u0101d\u0113t\u0101js, 18650 baterija \u00d71, 5V 2A adapteris (ASV, Lielbrit\u0101nija, Austr\u0101lija vai Eiropa), USB-A uz USB-C kabelis, \u0101tr\u0101s palai\u0161anas rokasgr\u0101mata, garantijas karte<\/li>&#13;\n<\/ul>\r\n&#13;\n<p>Papildu apr\u012bkojums (p\u0113c izv\u0113les)<\/p>&#13;\n&#13;\n<p>Bluetooth t\u0101lvad\u012bbas pults, 18650 baterija<\/p>&#13;\n","protected":false},"excerpt":{"rendered":"<p><strong data-start=\"78\" data-end=\"101\">TD Gen3 LRF Series<\/strong>\u00a0The handheld thermal imaging monocular innovatively integrates a laser rangefinder while maintaining a compact design. The focus wheel allows for comfortable one-handed operation, while the symmetrical ergonomic design provides flexibility for use with either hand. An impressive 12-hour battery life and IP67 waterproof rating allow for reliable use in a variety of outdoor conditions. Wi-Fi connectivity increases the efficiency and enjoyment of exploration.<\/p>\n","protected":false},"featured_media":72035,"comment_status":"closed","ping_status":"closed","template":"","meta":[],"product_brand":[786,789],"product_cat":[539],"product_tag":[],"class_list":{"0":"post-72627","1":"product","2":"type-product","3":"status-publish","4":"has-post-thumbnail","6":"product_brand-guide","7":"product_brand-monoculars","8":"product_cat-termalie-monokli-2","10":"first","11":"instock","12":"sale","13":"shipping-taxable","14":"purchasable","15":"product-type-simple"},"_links":{"self":[{"href":"https:\/\/huntzone.eu\/en\/wp-json\/wp\/v2\/product\/72627","targetHints":{"allow":["GET"]}}],"collection":[{"href":"https:\/\/huntzone.eu\/en\/wp-json\/wp\/v2\/product"}],"about":[{"href":"https:\/\/huntzone.eu\/en\/wp-json\/wp\/v2\/types\/product"}],"replies":[{"embeddable":true,"href":"https:\/\/huntzone.eu\/en\/wp-json\/wp\/v2\/comments?post=72627"}],"wp:featuredmedia":[{"embeddable":true,"href":"https:\/\/huntzone.eu\/en\/wp-json\/wp\/v2\/media\/72035"}],"wp:attachment":[{"href":"https:\/\/huntzone.eu\/en\/wp-json\/wp\/v2\/media?parent=72627"}],"wp:term":[{"taxonomy":"product_brand","embeddable":true,"href":"https:\/\/huntzone.eu\/en\/wp-json\/wp\/v2\/product_brand?post=72627"},{"taxonomy":"product_cat","embeddable":true,"href":"https:\/\/huntzone.eu\/en\/wp-json\/wp\/v2\/product_cat?post=72627"},{"taxonomy":"product_tag","embeddable":true,"href":"https:\/\/huntzone.eu\/en\/wp-json\/wp\/v2\/product_tag?post=72627"}],"curies":[{"name":"wp","href":"https:\/\/api.w.org\/{rel}","templated":true}]}}