{"id":72628,"date":"2026-03-10T16:54:57","date_gmt":"2026-03-10T16:54:57","guid":{"rendered":"https:\/\/huntzone.eu\/product\/guide-td653l-thermal-imaging-monocular-with-rangefinder\/"},"modified":"2026-03-22T09:39:49","modified_gmt":"2026-03-22T09:39:49","slug":"guide-td653l-thermal-imaging-monocular-with-rangefinder","status":"publish","type":"product","link":"https:\/\/huntzone.eu\/en\/product\/guide-td653l-thermal-imaging-monocular-with-rangefinder\/","title":{"rendered":"Guide TD653L thermal imaging monocular with rangefinder"},"content":{"rendered":"&#13;\n<h2 class=\"wp-block-heading\">Augstas jut\u012bbas sensors, NETD l\u012bdz 20 mK<\/h2>&#13;\n&#13;\n<figure class=\"wp-block-image\"><img decoding=\"async\" src=\"https:\/\/opticspot.lt\/wp-content\/uploads\/2025\/07\/guanwangchanpinxiangqingyemaidiantu512X42901-246-1.jpg\" alt=\"Guanwangchanpinxiangqingyemaidiantu512x42901 246\" class=\"wp-image-17270\"\/><\/figure>&#13;\n&#13;\n<p><strong>TD Gen3 LRF s\u0113rija<\/strong> izmanto 12 \u03bcm infrasarkano sensoru ar 640\u00d7512 un 400\u00d7300 iz\u0161\u0137irtsp\u0113ju un pied\u0101v\u0101 izv\u0113l\u0113ties 19 mm, 25 mm, 35 mm un 50 mm objekt\u012bvus, kas nodro\u0161ina \u012bpa\u0161i asu att\u0113lu pat piln\u012bg\u0101 tums\u0101.<\/p>&#13;\n&#13;\n<h2 class=\"wp-block-heading\">Abpus\u0113ji \u0113rts dizains, vad\u012bba ar vienu roku<\/h2>&#13;\n&#13;\n<figure class=\"wp-block-image\"><img decoding=\"async\" src=\"https:\/\/opticspot.lt\/wp-content\/uploads\/2025\/07\/guanwangchanpinxiangqingyemaidiantu512X42902-196.jpg\" alt=\"Guanwangchanpinxiangqingyemaidiantu512x42902 196\" class=\"wp-image-17256\"\/><\/figure>&#13;\n&#13;\n<p>Simetrisks korpusa dizains \u013cauj \u0113rti lietot ier\u012bci gan ar kreiso, gan labo roku. Pogu izvietojums ir ergonomiski piel\u0101gots lietot\u0101ja paradumiem, t\u0101p\u0113c ier\u012bci var \u0113rti vad\u012bt ar vienu roku.<\/p>&#13;\n&#13;\n<h2 class=\"wp-block-heading\">Prec\u012bza fokus\u0113\u0161ana \u2013 regul\u0113\u0161ana ar pirkstu ritinot riten\u012bti<\/h2>&#13;\n&#13;\n<figure class=\"wp-block-image\"><img decoding=\"async\" src=\"https:\/\/opticspot.lt\/wp-content\/uploads\/2025\/07\/guanwangchanpinxiangqingyemaidiantu512X42903-34.jpg\" alt=\"Guanwangchanpinxiangqingyemaidiantu512x42903 34\" class=\"wp-image-17257\"\/><\/figure>&#13;\n&#13;\n<p>Miniat\u016br\u0101 fokus\u0113\u0161anas rite\u0146a konstrukcija nodro\u0161ina \u0101tru un prec\u012bzu fokus\u0113\u0161anu, \u013caujot lietot\u0101jam regul\u0113t fokusu ar vienu pirkstu.<\/p>&#13;\n&#13;\n<h2 class=\"wp-block-heading\">Uzlabota att\u0113la kvalit\u0101te \u2013 liel\u0101ks AMOLED ekr\u0101ns<\/h2>&#13;\n&#13;\n<figure class=\"wp-block-image\"><img decoding=\"async\" src=\"https:\/\/opticspot.lt\/wp-content\/uploads\/2025\/07\/guanwangchanpinxiangqingyemaidiantu512X42904-217.jpg\" alt=\"Guanwangchanpinxiangqingyemaidiantu512x42904 217\" class=\"wp-image-17258\"\/><\/figure>&#13;\n&#13;\n<p>Balstoties uz iepriek\u0161\u0113jo paaudzi, <strong>TD Gen3 LRF s\u0113rijai<\/strong> ir 0,36 collu AMOLED ekr\u0101ns ar 1280\u00d7960 iz\u0161\u0137irtsp\u0113ju, kas nodro\u0161ina as\u0101kas deta\u013cas un \u0113rt\u0101ku skat\u012b\u0161anos.<\/p>&#13;\n&#13;\n<h2 class=\"wp-block-heading\">Ieb\u016bv\u0113ts LRF \u2013 prec\u012bza m\u0113r\u0137a att\u0101luma noteik\u0161ana<\/h2>&#13;\n&#13;\n<figure class=\"wp-block-image\"><img decoding=\"async\" src=\"https:\/\/opticspot.lt\/wp-content\/uploads\/2025\/07\/guanwangchanpinxiangqingyemaidiantu512X42905-313.jpg\" alt=\"Guanwangchanpinxiangqingyemaidiantu512x42905 313\" class=\"wp-image-17259\"\/><\/figure>&#13;\n&#13;\n<p>Ieb\u016bv\u0113tais l\u0101zera t\u0101lm\u0113ra modulis ir integr\u0113ts ier\u012bces dizain\u0101, palielinot mobilit\u0101ti un praktiskumu. Maksim\u0101lais m\u0113r\u012b\u0161anas att\u0101lums ir 1000 metri, \u013caujot prec\u012bzi noteikt m\u0113r\u0137a atra\u0161an\u0101s vietu.<\/p>&#13;\n&#13;\n<h2 class=\"wp-block-heading\">Ilg\u0101ks darb\u012bbas laiks \u2013 nep\u0101rtraukta jauda<\/h2>&#13;\n&#13;\n<figure class=\"wp-block-image\"><img decoding=\"async\" src=\"https:\/\/opticspot.lt\/wp-content\/uploads\/2025\/07\/guanwangchanpinxiangqingyemaidiantu512X42906-591.jpg\" alt=\"Guanwangchanpinxiangqingyemaidiantu512x42906 591\" class=\"wp-image-17260\"\/><\/figure>&#13;\n&#13;\n<p>Nov\u0113rojumu, izp\u0113tes un izseko\u0161anas laik\u0101 dab\u0101 <strong>TD Gen3 LRF s\u0113rija<\/strong> nodro\u0161ina l\u012bdz pat 12 stundu darb\u012bbas laiku. Nomain\u0101mo 18650 bateriju var ievietot pat tums\u0101, nedom\u0101jot par polarit\u0101ti.<\/p>&#13;\n&#13;\n<h2 class=\"wp-block-heading\">Vied\u0101 ierakst\u012b\u0161ana, palielin\u0101ta iek\u0161\u0113j\u0101 atmi\u0146a<\/h2>&#13;\n&#13;\n<figure class=\"wp-block-image\"><img decoding=\"async\" src=\"https:\/\/opticspot.lt\/wp-content\/uploads\/2025\/07\/guanwangchanpinxiangqingyemaidiantu512X42907-522.jpg\" alt=\"Guanwangchanpinxiangqingyemaidiantu512x42907 522\" class=\"wp-image-17261\"\/><\/figure>&#13;\n&#13;\n<p>Uzlabot\u0101 vied\u0101 ierakst\u012b\u0161anas funkcija \u013cauj ierakst\u012bt video ar ska\u0146u. Ieb\u016bv\u0113t\u0101 atmi\u0146a l\u012bdz 32 GB \u013cauj saglab\u0101t vair\u0101k nek\u0101 100 fotoatt\u0113lus.<\/p>&#13;\n&#13;\n<h2 class=\"wp-block-heading\">50 mm objekt\u012bvs \u2013 redzi t\u0101l\u0101k<\/h2>&#13;\n&#13;\n<figure class=\"wp-block-image\"><img decoding=\"async\" src=\"https:\/\/opticspot.lt\/wp-content\/uploads\/2025\/07\/5.50mmlensseefarther-11.jpg\" alt=\"5.50mmlens,seefarther 11\" class=\"wp-image-17275\"\/><\/figure>&#13;\n&#13;\n<p>Lai nodro\u0161in\u0101tu asu un detaliz\u0113tu att\u0113lu lielos att\u0101lumos, <strong>TD Gen3 LRF s\u0113rija<\/strong> izmanto 35 mm un 50 mm objekt\u012bvus, kas \u013cauj saskat\u012bt deta\u013cas pat l\u012bdz 2600 metru att\u0101lum\u0101.<\/p>&#13;\n&#13;\n<h3 class=\"wp-block-heading\">Specifik\u0101cija<\/h3>&#13;\n&#13;\n<p>Sensors<\/p>&#13;\n&#13;\n<ul class=\"wp-block-list\">&#13;\n<li>Tips: nedzes\u0113ts VOx infrasarkanais sensors, 8-14 \u03bcm<\/li>&#13;\n<li>Iz\u0161\u0137irtsp\u0113ja: 640\u00d7512 @ 12 \u03bcm<\/li>&#13;\n<li>NETD: 20 mK<\/li>&#13;\n<li>Kadru frekvence: 50 Hz<\/li>&#13;\n<\/ul>&#13;\n&#13;\n<p>Objekt\u012bvs<\/p>&#13;\n&#13;\n<ul class=\"wp-block-list\">&#13;\n<li>Objekt\u012bvs: 50 mm, F1.0<\/li>&#13;\n<li>Redzes lauks: 8,8\u00b0 \u00d7 6,6\u00b0<\/li>&#13;\n<li>Redzes lauks pie 100 m: 15 \u00d7 12 m<\/li>&#13;\n<li>Palielin\u0101jums: 2,6\u00d7 \u2013 20,8\u00d7<\/li>&#13;\n<li>Atkl\u0101\u0161anas distance: 2600 m<\/li>&#13;\n<li>Fokus\u0113\u0161ana: manu\u0101la<\/li>&#13;\n<\/ul>&#13;\n&#13;\n<p>Ekr\u0101ns<\/p>&#13;\n&#13;\n<ul class=\"wp-block-list\">&#13;\n<li>Ekr\u0101na tips: 0,36\u2033 AMOLED, 1280\u00d7960<\/li>&#13;\n<li>Kr\u0101su paletes: White Hot, Black Hot, Red Hot, Green Hot, Iron Red, Blue Hot, Sepia<\/li>&#13;\n<li>Okul\u0101rs: acu att\u0101lums \u2013 20 mm; dioptriju regul\u0101cija: -6 l\u012bdz +6; palielin\u0101jums: 13,8\u00d7<\/li>&#13;\n<\/ul>&#13;\n&#13;\n<p>Apr\u012bkojums<\/p>&#13;\n&#13;\n<ul class=\"wp-block-list\">&#13;\n<li>L\u0101zera t\u0101lm\u0113rs: 1000 m<\/li>&#13;\n<li>Wi-Fi: 2.4G, 5G<\/li>&#13;\n<li>Savienojums: USB-C<\/li>&#13;\n<li>Cits: mikrofons, Bluetooth<\/li>&#13;\n<\/ul>&#13;\n&#13;\n<p>Sist\u0113ma<\/p>&#13;\n&#13;\n<ul class=\"wp-block-list\">&#13;\n<li>Ieraksts: foto\/video (ar ska\u0146u)<\/li>&#13;\n<li>Atmi\u0146a: 32 GB<\/li>&#13;\n<\/ul>&#13;\n&#13;\n<p>Baro\u0161ana<\/p>&#13;\n&#13;\n<ul class=\"wp-block-list\">&#13;\n<li>Baterija: viena nomain\u0101ma 18650<\/li>&#13;\n<li>Darb\u012bbas laiks: 10 stundas<\/li>&#13;\n<\/ul>&#13;\n&#13;\n<p>Darba apst\u0101k\u013ci<\/p>&#13;\n&#13;\n<ul class=\"wp-block-list\">&#13;\n<li>Darba temperat\u016bra: -20\u00b0C l\u012bdz +50\u00b0C<\/li>&#13;\n<li>Aizsardz\u012bba: IP67<\/li>&#13;\n<\/ul>&#13;\n&#13;\n<p>Fiziskie dati<\/p>&#13;\n&#13;\n<ul class=\"wp-block-list\">&#13;\n<li>Svars: 472 g<\/li>&#13;\n<li>Izm\u0113ri: 189.5 \u00d7 67.5 \u00d7 88 mm<\/li>&#13;\n<\/ul>&#13;\n&#13;\n<p>Standarta komplekt\u0101cija<\/p>&#13;\n&#13;\n<ul class=\"wp-block-list\">&#13;\n<li>Ier\u012bce, t\u012br\u012b\u0161anas lupati\u0146a, rokas siksna, acu aizsegs, bateriju l\u0101d\u0113t\u0101js, 18650 baterija \u00d71, 5V 2A adapteris (US, UK, Austr\u0101lija vai Eiropa), USB-A uz USB-C kabelis, \u0101tr\u0101s lieto\u0161anas instrukcija, garantijas karte<\/li>&#13;\n<\/ul>&#13;\n&#13;\n<p>Papildapr\u012bkojums (p\u0113c izv\u0113les)<\/p>&#13;\n&#13;\n<p>Bluetooth pults, 18650 baterija<\/p>&#13;\n","protected":false},"excerpt":{"rendered":"<p><strong data-start=\"0\" data-end=\"56\" data-is-only-node=\"\">TD Gen3 LRF Series Handheld Thermal Imaging Monocular<\/strong>\u00a0innovatively integrates a laser rangefinder while maintaining a compact design. The focus wheel allows for convenient one-handed operation, and the symmetrical ergonomic design allows for comfortable use with either right or left hand. An impressive 12-hour battery life and IP67 protection class allow for reliable operation in a variety of outdoor conditions. Wi-Fi connectivity improves exploration efficiency and makes using the device more enjoyable<\/p>\n","protected":false},"featured_media":72049,"comment_status":"closed","ping_status":"closed","template":"","meta":[],"product_brand":[786,789],"product_cat":[539],"product_tag":[],"class_list":{"0":"post-72628","1":"product","2":"type-product","3":"status-publish","4":"has-post-thumbnail","6":"product_brand-guide","7":"product_brand-monoculars","8":"product_cat-termalie-monokli-2","10":"first","11":"instock","12":"sale","13":"shipping-taxable","14":"purchasable","15":"product-type-simple"},"_links":{"self":[{"href":"https:\/\/huntzone.eu\/en\/wp-json\/wp\/v2\/product\/72628","targetHints":{"allow":["GET"]}}],"collection":[{"href":"https:\/\/huntzone.eu\/en\/wp-json\/wp\/v2\/product"}],"about":[{"href":"https:\/\/huntzone.eu\/en\/wp-json\/wp\/v2\/types\/product"}],"replies":[{"embeddable":true,"href":"https:\/\/huntzone.eu\/en\/wp-json\/wp\/v2\/comments?post=72628"}],"wp:featuredmedia":[{"embeddable":true,"href":"https:\/\/huntzone.eu\/en\/wp-json\/wp\/v2\/media\/72049"}],"wp:attachment":[{"href":"https:\/\/huntzone.eu\/en\/wp-json\/wp\/v2\/media?parent=72628"}],"wp:term":[{"taxonomy":"product_brand","embeddable":true,"href":"https:\/\/huntzone.eu\/en\/wp-json\/wp\/v2\/product_brand?post=72628"},{"taxonomy":"product_cat","embeddable":true,"href":"https:\/\/huntzone.eu\/en\/wp-json\/wp\/v2\/product_cat?post=72628"},{"taxonomy":"product_tag","embeddable":true,"href":"https:\/\/huntzone.eu\/en\/wp-json\/wp\/v2\/product_tag?post=72628"}],"curies":[{"name":"wp","href":"https:\/\/api.w.org\/{rel}","templated":true}]}}