{"id":74883,"date":"2026-03-03T13:30:36","date_gmt":"2026-03-03T13:30:36","guid":{"rendered":"https:\/\/huntzone.eu\/product\/hart-airstrong-g-gaiters-durable-and-waterproof-hunting-gaiters\/"},"modified":"2026-03-03T13:30:36","modified_gmt":"2026-03-03T13:30:36","slug":"hart-airstrong-g-gaiters-durable-and-waterproof-hunting-gaiters","status":"publish","type":"product","link":"https:\/\/huntzone.eu\/en\/product\/hart-airstrong-g-gaiters-durable-and-waterproof-hunting-gaiters\/","title":{"rendered":"HART AIRSTRONG-G Gaiters \u2013 Durable and waterproof hunting gaiters"},"content":{"rendered":"<p>&#8220;`html<br \/>\n<!-- Izm\u0113ra tabula --><\/p>\n<style>\n  .popup-container { position: relative; }\n  .popup-image-multi {\n    display: none;\n    position: fixed;\n    z-index: 9999;\n    top: 0;\n    left: 0;\n    width: 100vw;\n    height: 100vh;\n    overflow-y: scroll;\n    background-color: rgba(0, 0, 0, 0.4);\n    padding: 20px;\n    box-sizing: border-box;\n  }\n  .popup-image-multi img {\n    display: block;\n    max-width: 90%;\n    margin: 20px auto;\n    border: 4px solid white;\n    box-shadow: 0 0 20px black;\n    cursor: pointer;\n  }\n<\/style>\n<div class=\"popup-container\">\n<p><\/p>\n<div class=\"popup-image-multi\" id=\"popup-img-multi\" onclick=\"this.style.display='none'\">\n    <img decoding=\"async\" src=\"https:\/\/site-2464979.mozfiles.com\/files\/2464979\/HART_IZMERU_TABULA.jpg?1744800324\" alt=\"Izm\u0113ra tabula\">\n  <\/div>\n<\/div>\n<h2>Apraksts<\/h2>\n<p><b>HART AIRSTRONG-G<\/b> ir \u012bpa\u0161i iztur\u012bgi un \u016bdensnecaurlaid\u012bgi gaiteri, kas paredz\u0113ti lieto\u0161anai skarbos un aizaugu\u0161os apvidos. Tie izgatavoti no ARMOTEX\u00ae auduma ar PU lamin\u0101ciju un apr\u012bkoti ar ner\u016bs\u0113jo\u0161\u0101 t\u0113rauda stiep\u013cu stiprin\u0101jumu apak\u0161\u0101.<\/p>\n<h3>Tehnolo\u0123ijas<\/h3>\n<ul>\n<li><b>HARTWARE<\/b> \u2013 maksim\u0101ls komforts, p\u0101rvaldot siltuma zudumu un p\u0101rkar\u0161anu jebkur\u0101 aktivit\u0101tes l\u012bmen\u012b.<\/li>\n<li><b>ARMOTEX\u00ae<\/b> \u2013 pl\u012bsumiztur\u012bgs, nesl\u012bdo\u0161s un durtiztur\u012bgs audums ar augstu nodilumiztur\u012bbu.<\/li>\n<li><b>OSMOTECH PLUS<\/b> \u2013 augstas veiktsp\u0113jas membr\u0101na ar 10 000 mm \u016bdensiztur\u012bbu un 10 000 g\/m\u00b2 elpojam\u012bbu.<\/li>\n<\/ul>\n<h3>Sast\u0101vs<\/h3>\n<ul>\n<li>Apvalks: 51% neilons, 49% poliesters<\/li>\n<\/ul>\n<p>&#8220;`<\/p>\n<p>&#8220;`html<br \/>\n<!-- Size chart --><\/p>\n<style>\n  .popup-container { position: relative; }\n  .popup-image-multi {\n    display: none;\n    position: fixed;\n    z-index: 9999;\n    top: 0;\n    left: 0;\n    width: 100vw;\n    height: 100vh;\n    overflow-y: scroll;\n    background-color: rgba(0, 0, 0, 0.4);\n    padding: 20px;\n    box-sizing: border-box;\n  }\n  .popup-image-multi img {\n    display: block;\n    max-width: 90%;\n    margin: 20px auto;\n    border: 4px solid white;\n    box-shadow: 0 0 20px black;\n    cursor: pointer;\n  }\n<\/style>\n<div class=\"popup-container\">\n<p><\/p>\n<div class=\"popup-image-multi\" id=\"popup-img-multi\" onclick=\"this.style.display='none'\">\n    <img decoding=\"async\" src=\"https:\/\/site-2464979.mozfiles.com\/files\/2464979\/HART_IZMERU_TABULA.jpg?1744800324\" alt=\"Size chart\">\n  <\/div>\n<\/div>\n<h2>Description<\/h2>\n<p><b>HART AIRSTRONG-G<\/b> are extremely durable and waterproof gaiters designed for use in harsh and overgrown environments. They are made from ARMOTEX\u00ae fabric with PU lamination and equipped with a stainless steel wire attachment at the bottom.<\/p>\n<h3>Technologies<\/h3>\n<ul>\n<li><b>HARTWARE<\/b> \u2013 maximum comfort by managing heat loss and overheating at any activity level.<\/li>\n<li><b>ARMOTEX\u00ae<\/b> \u2013 tear-resistant, non-slip and puncture-resistant fabric with high abrasion resistance.<\/li>\n<li><b>OSMOTECH PLUS<\/b> \u2013 high-performance membrane with 10,000 mm waterproof rating and 10,000 g\/m\u00b2 breathability.<\/li>\n<\/ul>\n<h3>Composition<\/h3>\n<ul>\n<li>Shell: 51% nylon, 49% polyester<\/li>\n<\/ul>\n<p>&#8220;`<\/p>\n","protected":false},"excerpt":{"rendered":"<p>&#8220;`html Apraksts HART AIRSTRONG-G ir \u012bpa\u0161i iztur\u012bgi un \u016bdensnecaurlaid\u012bgi gaiteri, kas paredz\u0113ti lieto\u0161anai skarbos un aizaugu\u0161os apvidos. Tie izgatavoti no ARMOTEX\u00ae auduma ar PU lamin\u0101ciju un apr\u012bkoti ar ner\u016bs\u0113jo\u0161\u0101 t\u0113rauda&hellip;<\/p>\n","protected":false},"featured_media":74882,"comment_status":"open","ping_status":"closed","template":"","meta":[],"product_brand":[791],"product_cat":[552],"product_tag":[],"class_list":{"0":"post-74883","1":"product","2":"type-product","3":"status-publish","4":"has-post-thumbnail","6":"product_brand-hart","7":"product_cat-gaiters","9":"first","10":"instock","11":"shipping-taxable","12":"purchasable","13":"product-type-simple"},"_links":{"self":[{"href":"https:\/\/huntzone.eu\/en\/wp-json\/wp\/v2\/product\/74883","targetHints":{"allow":["GET"]}}],"collection":[{"href":"https:\/\/huntzone.eu\/en\/wp-json\/wp\/v2\/product"}],"about":[{"href":"https:\/\/huntzone.eu\/en\/wp-json\/wp\/v2\/types\/product"}],"replies":[{"embeddable":true,"href":"https:\/\/huntzone.eu\/en\/wp-json\/wp\/v2\/comments?post=74883"}],"wp:featuredmedia":[{"embeddable":true,"href":"https:\/\/huntzone.eu\/en\/wp-json\/wp\/v2\/media\/74882"}],"wp:attachment":[{"href":"https:\/\/huntzone.eu\/en\/wp-json\/wp\/v2\/media?parent=74883"}],"wp:term":[{"taxonomy":"product_brand","embeddable":true,"href":"https:\/\/huntzone.eu\/en\/wp-json\/wp\/v2\/product_brand?post=74883"},{"taxonomy":"product_cat","embeddable":true,"href":"https:\/\/huntzone.eu\/en\/wp-json\/wp\/v2\/product_cat?post=74883"},{"taxonomy":"product_tag","embeddable":true,"href":"https:\/\/huntzone.eu\/en\/wp-json\/wp\/v2\/product_tag?post=74883"}],"curies":[{"name":"wp","href":"https:\/\/api.w.org\/{rel}","templated":true}]}}